{"id":346195,"date":"2026-03-07T12:27:09","date_gmt":"2026-03-07T10:27:09","guid":{"rendered":"https:\/\/moobliait.ee\/toode\/duvall-recliner-tugitool-elektriline\/"},"modified":"2026-03-19T07:56:17","modified_gmt":"2026-03-19T05:56:17","slug":"duvall-recliner-tugitool-elektriline","status":"publish","type":"product","link":"https:\/\/moobliait.ee\/en\/product\/duvall-recliner-tugitool-elektriline\/","title":{"rendered":"Duvall recliner tugitool (elektriline)"},"content":{"rendered":"<p>M\u00f5\u00f5dud (cm)<strong>: 106 (L) x 96 (S) x 103 (K)<\/strong><br \/>\n\u2022 Tugitool on kaetud pol\u00fcesterkangaga<br \/>\n\u2022 Karkassi materjal: m\u00e4nnipuit, vineer<br \/>\n\u2022 Tugitooli istumisosa toetab sik-sak vedrustus, mida katab poroloont\u00e4idis<br \/>\n\u2022 Tagak\u00fclg on viimistletud ja seda on v\u00f5imalik paigutada keset ruumi<br \/>\n\u2022 Tugitooli lahtik\u00e4ivasse asendisse viivad mehhanismid on uskumatult usaldusv\u00e4\u00e4rsed ning t\u00f6\u00f6tavad sujuvalt isegi p\u00e4rast pikki aastaid<\/p>\n<p><strong>PS! Toote tegelik v\u00e4rvus v\u00f5ib erineda arvutiekraanil kuvatavast toonist.<\/strong><\/p>\n<p>&nbsp;<\/p>\n","protected":false},"excerpt":{"rendered":"<p>M\u00f5\u00f5dud (cm): 106 (L) x 96 (S) x 103 (K) \u2022 Tugitool on kaetud pol\u00fcesterkangaga \u2022 Karkassi materjal: m\u00e4nnipuit, vineer\u2026<\/p>\n","protected":false},"featured_media":346192,"template":"","meta":{"_acf_changed":false,"inline_featured_image":false},"product_brand":[],"product_cat":[1594,418,1268],"product_tag":[],"class_list":{"0":"post-346195","1":"product","2":"type-product","3":"status-publish","4":"has-post-thumbnail","6":"product_cat-soft-furniture-en","7":"product_cat-armchairs","8":"product_cat-reclining-chairs","10":"first","11":"instock","12":"taxable","13":"shipping-taxable","14":"purchasable","15":"product-type-simple"},"acf":[],"_links":{"self":[{"href":"https:\/\/moobliait.ee\/en\/wp-json\/wp\/v2\/product\/346195","targetHints":{"allow":["GET"]}}],"collection":[{"href":"https:\/\/moobliait.ee\/en\/wp-json\/wp\/v2\/product"}],"about":[{"href":"https:\/\/moobliait.ee\/en\/wp-json\/wp\/v2\/types\/product"}],"wp:featuredmedia":[{"embeddable":true,"href":"https:\/\/moobliait.ee\/en\/wp-json\/wp\/v2\/media\/346192"}],"wp:attachment":[{"href":"https:\/\/moobliait.ee\/en\/wp-json\/wp\/v2\/media?parent=346195"}],"wp:term":[{"taxonomy":"product_brand","embeddable":true,"href":"https:\/\/moobliait.ee\/en\/wp-json\/wp\/v2\/product_brand?post=346195"},{"taxonomy":"product_cat","embeddable":true,"href":"https:\/\/moobliait.ee\/en\/wp-json\/wp\/v2\/product_cat?post=346195"},{"taxonomy":"product_tag","embeddable":true,"href":"https:\/\/moobliait.ee\/en\/wp-json\/wp\/v2\/product_tag?post=346195"}],"curies":[{"name":"wp","href":"https:\/\/api.w.org\/{rel}","templated":true}]}}