{"id":316243,"date":"2025-01-23T17:10:20","date_gmt":"2025-01-23T15:10:20","guid":{"rendered":"https:\/\/moobliait.ee\/toode\/amila-peegel-46cm\/"},"modified":"2026-02-23T11:35:05","modified_gmt":"2026-02-23T09:35:05","slug":"amila-mirror-46cm","status":"publish","type":"product","link":"https:\/\/moobliait.ee\/en\/product\/amila-mirror-46cm\/","title":{"rendered":"Amila mirror"},"content":{"rendered":"<p>M\u00f5\u00f5dud (cm): <strong>\u00d8<\/strong>\u00a0<strong>46 x 2<\/strong><strong>\u00a0(H)<\/strong><br \/>\n\u2022 Frame is made of golden metal<\/p>\n<p>&nbsp;<\/p>\n","protected":false},"excerpt":{"rendered":"<p>M\u00f5\u00f5dud (cm): \u00d8\u00a046 x 2\u00a0(H) \u2022 Frame is made of golden metal &nbsp;<\/p>\n","protected":false},"featured_media":316242,"template":"","meta":{"_acf_changed":false,"inline_featured_image":false},"product_brand":[],"product_cat":[391,425],"product_tag":[],"class_list":{"0":"post-316243","1":"product","2":"type-product","3":"status-publish","4":"has-post-thumbnail","6":"product_cat-home-decor","7":"product_cat-mirrors","8":"pa_kuju-round","10":"first","11":"instock","12":"taxable","13":"shipping-taxable","14":"purchasable","15":"product-type-simple"},"acf":[],"_links":{"self":[{"href":"https:\/\/moobliait.ee\/en\/wp-json\/wp\/v2\/product\/316243","targetHints":{"allow":["GET"]}}],"collection":[{"href":"https:\/\/moobliait.ee\/en\/wp-json\/wp\/v2\/product"}],"about":[{"href":"https:\/\/moobliait.ee\/en\/wp-json\/wp\/v2\/types\/product"}],"wp:featuredmedia":[{"embeddable":true,"href":"https:\/\/moobliait.ee\/en\/wp-json\/wp\/v2\/media\/316242"}],"wp:attachment":[{"href":"https:\/\/moobliait.ee\/en\/wp-json\/wp\/v2\/media?parent=316243"}],"wp:term":[{"taxonomy":"product_brand","embeddable":true,"href":"https:\/\/moobliait.ee\/en\/wp-json\/wp\/v2\/product_brand?post=316243"},{"taxonomy":"product_cat","embeddable":true,"href":"https:\/\/moobliait.ee\/en\/wp-json\/wp\/v2\/product_cat?post=316243"},{"taxonomy":"product_tag","embeddable":true,"href":"https:\/\/moobliait.ee\/en\/wp-json\/wp\/v2\/product_tag?post=316243"}],"curies":[{"name":"wp","href":"https:\/\/api.w.org\/{rel}","templated":true}]}}