{"id":292357,"date":"2024-05-06T11:22:31","date_gmt":"2024-05-06T08:22:31","guid":{"rendered":"https:\/\/moobliait.ee\/?post_type=product&#038;p=292357"},"modified":"2026-04-08T10:33:03","modified_gmt":"2026-04-08T07:33:03","slug":"krabi-baskets-set-of-3","status":"publish","type":"product","link":"https:\/\/moobliait.ee\/en\/product\/krabi-baskets-set-of-3\/","title":{"rendered":"Krabi baskets (set of 3)"},"content":{"rendered":"<p><strong>Dimensions:<br \/>\n<\/strong>Large: <strong>\u00d8 36 x 30 (H)<\/strong><br \/>\nMedium: <strong>\u00d8 32 x 27 (H)<\/strong><br \/>\nSmall: <strong>\u00d8 28 x 25 (H)<\/strong><br \/>\n\u2022 Material: seagrass<\/p>\n<p>&nbsp;<\/p>\n","protected":false},"excerpt":{"rendered":"<p>Dimensions: Large: \u00d8 36 x 30 (H) Medium: \u00d8 32 x 27 (H) Small: \u00d8 28 x 25 (H) \u2022\u2026<\/p>\n","protected":false},"featured_media":292356,"template":"","meta":{"_acf_changed":false,"inline_featured_image":false},"product_brand":[],"product_cat":[392,1579,391,442,447,1263],"product_tag":[],"class_list":{"0":"post-292357","1":"product","2":"type-product","3":"status-publish","4":"has-post-thumbnail","6":"product_cat-collections","7":"product_cat-housenordic-en","8":"product_cat-home-decor","9":"product_cat-decorations","10":"product_cat-baskets","11":"product_cat-clearance-sale","13":"first","14":"instock","15":"sale","16":"taxable","17":"shipping-taxable","18":"purchasable","19":"product-type-simple"},"acf":[],"_links":{"self":[{"href":"https:\/\/moobliait.ee\/en\/wp-json\/wp\/v2\/product\/292357","targetHints":{"allow":["GET"]}}],"collection":[{"href":"https:\/\/moobliait.ee\/en\/wp-json\/wp\/v2\/product"}],"about":[{"href":"https:\/\/moobliait.ee\/en\/wp-json\/wp\/v2\/types\/product"}],"wp:featuredmedia":[{"embeddable":true,"href":"https:\/\/moobliait.ee\/en\/wp-json\/wp\/v2\/media\/292356"}],"wp:attachment":[{"href":"https:\/\/moobliait.ee\/en\/wp-json\/wp\/v2\/media?parent=292357"}],"wp:term":[{"taxonomy":"product_brand","embeddable":true,"href":"https:\/\/moobliait.ee\/en\/wp-json\/wp\/v2\/product_brand?post=292357"},{"taxonomy":"product_cat","embeddable":true,"href":"https:\/\/moobliait.ee\/en\/wp-json\/wp\/v2\/product_cat?post=292357"},{"taxonomy":"product_tag","embeddable":true,"href":"https:\/\/moobliait.ee\/en\/wp-json\/wp\/v2\/product_tag?post=292357"}],"curies":[{"name":"wp","href":"https:\/\/api.w.org\/{rel}","templated":true}]}}