{"id":273837,"date":"2023-09-06T15:28:15","date_gmt":"2023-09-06T12:28:15","guid":{"rendered":"https:\/\/moobliait.ee\/?post_type=product&#038;p=273837"},"modified":"2026-03-25T17:33:02","modified_gmt":"2026-03-25T15:33:02","slug":"venoso-baskets-set-of-3","status":"publish","type":"product","link":"https:\/\/moobliait.ee\/en\/product\/venoso-baskets-set-of-3\/","title":{"rendered":"Venoso baskets (set of 3)"},"content":{"rendered":"<p><strong>Dimensions:<br \/>\n<\/strong>Large: <strong>\u00d8 44 x 30 (H)<\/strong><br \/>\nMedium: <strong>\u00d8 34 x 37 (H)<\/strong><br \/>\nSmall: <strong>\u00d8 24 x 23 (H)<\/strong><br \/>\n\u2022 Material: seagrass<\/p>\n<p>&nbsp;<\/p>\n","protected":false},"excerpt":{"rendered":"<p>Dimensions: Large: \u00d8 44 x 30 (H) Medium: \u00d8 34 x 37 (H) Small: \u00d8 24 x 23 (H) \u2022\u2026<\/p>\n","protected":false},"featured_media":273836,"template":"","meta":{"_acf_changed":false,"inline_featured_image":false},"product_brand":[],"product_cat":[392,1579,391,442,447,1263],"product_tag":[],"class_list":{"0":"post-273837","1":"product","2":"type-product","3":"status-publish","4":"has-post-thumbnail","6":"product_cat-collections","7":"product_cat-housenordic-en","8":"product_cat-home-decor","9":"product_cat-decorations","10":"product_cat-baskets","11":"product_cat-clearance-sale","13":"first","14":"instock","15":"sale","16":"taxable","17":"shipping-taxable","18":"purchasable","19":"product-type-simple"},"acf":[],"_links":{"self":[{"href":"https:\/\/moobliait.ee\/en\/wp-json\/wp\/v2\/product\/273837","targetHints":{"allow":["GET"]}}],"collection":[{"href":"https:\/\/moobliait.ee\/en\/wp-json\/wp\/v2\/product"}],"about":[{"href":"https:\/\/moobliait.ee\/en\/wp-json\/wp\/v2\/types\/product"}],"wp:featuredmedia":[{"embeddable":true,"href":"https:\/\/moobliait.ee\/en\/wp-json\/wp\/v2\/media\/273836"}],"wp:attachment":[{"href":"https:\/\/moobliait.ee\/en\/wp-json\/wp\/v2\/media?parent=273837"}],"wp:term":[{"taxonomy":"product_brand","embeddable":true,"href":"https:\/\/moobliait.ee\/en\/wp-json\/wp\/v2\/product_brand?post=273837"},{"taxonomy":"product_cat","embeddable":true,"href":"https:\/\/moobliait.ee\/en\/wp-json\/wp\/v2\/product_cat?post=273837"},{"taxonomy":"product_tag","embeddable":true,"href":"https:\/\/moobliait.ee\/en\/wp-json\/wp\/v2\/product_tag?post=273837"}],"curies":[{"name":"wp","href":"https:\/\/api.w.org\/{rel}","templated":true}]}}