{"id":273198,"date":"2023-09-01T15:41:14","date_gmt":"2023-09-01T12:41:14","guid":{"rendered":"https:\/\/moobliait.ee\/?post_type=product&#038;p=273198"},"modified":"2026-04-23T08:20:02","modified_gmt":"2026-04-23T05:20:02","slug":"tivoli-baskets-3-psc","status":"publish","type":"product","link":"https:\/\/moobliait.ee\/en\/product\/tivoli-baskets-3-psc\/","title":{"rendered":"Tivoli baskets 3 psc"},"content":{"rendered":"<p><strong>Dimensions:<br \/>\nLarge: \u00d8 33 x 30 cm<br \/>\n<\/strong><strong>Medium: \u00d8 29 x 26 cm<br \/>\n<\/strong><strong>Small: \u00d8 24 x 22 cm<br \/>\n<\/strong>\u2022 Material: maize leaf<\/p>\n<p>&nbsp;<\/p>\n","protected":false},"excerpt":{"rendered":"<p>Dimensions: Large: \u00d8 33 x 30 cm Medium: \u00d8 29 x 26 cm Small: \u00d8 24 x 22 cm \u2022\u2026<\/p>\n","protected":false},"featured_media":273195,"template":"","meta":{"_acf_changed":false,"inline_featured_image":false},"product_brand":[],"product_cat":[392,1579,391,442,447,1263],"product_tag":[],"class_list":{"0":"post-273198","1":"product","2":"type-product","3":"status-publish","4":"has-post-thumbnail","6":"product_cat-collections","7":"product_cat-housenordic-en","8":"product_cat-home-decor","9":"product_cat-decorations","10":"product_cat-baskets","11":"product_cat-clearance-sale","13":"first","14":"instock","15":"sale","16":"taxable","17":"shipping-taxable","18":"purchasable","19":"product-type-simple"},"acf":[],"_links":{"self":[{"href":"https:\/\/moobliait.ee\/en\/wp-json\/wp\/v2\/product\/273198","targetHints":{"allow":["GET"]}}],"collection":[{"href":"https:\/\/moobliait.ee\/en\/wp-json\/wp\/v2\/product"}],"about":[{"href":"https:\/\/moobliait.ee\/en\/wp-json\/wp\/v2\/types\/product"}],"wp:featuredmedia":[{"embeddable":true,"href":"https:\/\/moobliait.ee\/en\/wp-json\/wp\/v2\/media\/273195"}],"wp:attachment":[{"href":"https:\/\/moobliait.ee\/en\/wp-json\/wp\/v2\/media?parent=273198"}],"wp:term":[{"taxonomy":"product_brand","embeddable":true,"href":"https:\/\/moobliait.ee\/en\/wp-json\/wp\/v2\/product_brand?post=273198"},{"taxonomy":"product_cat","embeddable":true,"href":"https:\/\/moobliait.ee\/en\/wp-json\/wp\/v2\/product_cat?post=273198"},{"taxonomy":"product_tag","embeddable":true,"href":"https:\/\/moobliait.ee\/en\/wp-json\/wp\/v2\/product_tag?post=273198"}],"curies":[{"name":"wp","href":"https:\/\/api.w.org\/{rel}","templated":true}]}}