{"id":170618,"date":"2022-09-16T13:59:55","date_gmt":"2022-09-16T10:59:55","guid":{"rendered":"https:\/\/test.artmedia.ee\/moobliaitwp-enne-importi\/toode\/ashley-dorvale-chest-a4000261\/"},"modified":"2025-10-20T08:19:03","modified_gmt":"2025-10-20T05:19:03","slug":"ashley-dorvale-chest-a4000261","status":"publish","type":"product","link":"https:\/\/moobliait.ee\/en\/product\/ashley-dorvale-chest-a4000261\/","title":{"rendered":"Ashley Dorvale chest"},"content":{"rendered":"<p>Dimensions: <strong>56 x 40 x 70 cm<\/strong><br \/>\n\u2022 Made of wood and engineered wood<br \/>\n\u2022\u00a0Geometric hi-lo patterned door<br \/>\n\u2022\u00a0Metal legs and door pull in black<br \/>\n\u2022\u00a01 doors and 1 shelf<br \/>\n\u2022 Assembly required<\/p>\n<p><strong>PS! Tegu on saalin\u00e4idisega, toode on laost l\u00e4bim\u00fc\u00fcdud!<\/strong><\/p>\n<p>&nbsp;<\/p>\n","protected":false},"excerpt":{"rendered":"<p>Dimensions: 56 x 40 x 70 cm \u2022 Made of wood and engineered wood \u2022\u00a0Geometric hi-lo patterned door \u2022\u00a0Metal legs\u2026<\/p>\n","protected":false},"featured_media":148090,"template":"","meta":{"_acf_changed":false,"inline_featured_image":false},"product_brand":[],"product_cat":[392,476,478,387,395,1263],"product_tag":[],"class_list":{"0":"post-170618","1":"product","2":"type-product","3":"status-publish","4":"has-post-thumbnail","6":"product_cat-collections","7":"product_cat-ashley","8":"product_cat-ashley-living-room-furniture","9":"product_cat-cupboards","10":"product_cat-small-cabinets","11":"product_cat-clearance-sale","13":"first","14":"outofstock","15":"sale","16":"taxable","17":"shipping-taxable","18":"product-type-simple"},"acf":[],"_links":{"self":[{"href":"https:\/\/moobliait.ee\/en\/wp-json\/wp\/v2\/product\/170618","targetHints":{"allow":["GET"]}}],"collection":[{"href":"https:\/\/moobliait.ee\/en\/wp-json\/wp\/v2\/product"}],"about":[{"href":"https:\/\/moobliait.ee\/en\/wp-json\/wp\/v2\/types\/product"}],"wp:featuredmedia":[{"embeddable":true,"href":"https:\/\/moobliait.ee\/en\/wp-json\/wp\/v2\/media\/148090"}],"wp:attachment":[{"href":"https:\/\/moobliait.ee\/en\/wp-json\/wp\/v2\/media?parent=170618"}],"wp:term":[{"taxonomy":"product_brand","embeddable":true,"href":"https:\/\/moobliait.ee\/en\/wp-json\/wp\/v2\/product_brand?post=170618"},{"taxonomy":"product_cat","embeddable":true,"href":"https:\/\/moobliait.ee\/en\/wp-json\/wp\/v2\/product_cat?post=170618"},{"taxonomy":"product_tag","embeddable":true,"href":"https:\/\/moobliait.ee\/en\/wp-json\/wp\/v2\/product_tag?post=170618"}],"curies":[{"name":"wp","href":"https:\/\/api.w.org\/{rel}","templated":true}]}}