{"id":768,"date":"2021-04-14T10:45:53","date_gmt":"2021-04-14T07:45:53","guid":{"rendered":"https:\/\/test.artmedia.ee\/moobliaitwp-enne-importi\/poed-kontakt\/"},"modified":"2022-10-21T10:05:51","modified_gmt":"2022-10-21T07:05:51","slug":"contact","status":"publish","type":"page","link":"https:\/\/moobliait.ee\/en\/contact\/","title":{"rendered":"Contact"},"content":{"rendered":"\n<div class=\"wp-block-columns is-layout-flex wp-container-core-columns-is-layout-9d6595d7 wp-block-columns-is-layout-flex\">\n<div class=\"wp-block-column is-layout-flow wp-block-column-is-layout-flow\" style=\"flex-basis:25%\">\n<p class=\"has-medium-font-size wp-el\"><strong>CUSTOMER SERVICE:<\/strong><\/p>\n\n\n<div id=\"acf-block_40b22fef381e81d7b83f7cc7aa6de6b4\" class=\"acf-block-element block-contact-boxes\"><div class=\"d-flex flex-wrap flex-column\"><div class=\"contact-box-item\"><a href=\"tel:+372 5333 5800\" class=\"d-flex flex-wrap align-items-center\"><span class=\"d-block text-center w-100\"><span class=\"d-block text-uppercase\">Call<\/span><strong>+372 5333 5800<\/strong><\/span><\/a><\/div><div class=\"contact-box-item\"><a href=\"mailto:epood@moobliait.ee\" class=\"d-flex flex-wrap align-items-center\"><span class=\"d-block text-center w-100\"><span class=\"d-block text-uppercase\">Write<\/span><strong>epood@moobliait.ee<\/strong><\/span><\/a><\/div><\/div><\/div><\/div>\n\n\n\n<div class=\"wp-block-column is-layout-flow wp-block-column-is-layout-flow\" style=\"flex-basis:50%\">\n<p class=\"has-medium-font-size wp-el\"><strong>CONTACT US<\/strong><\/p>\n\n\n\n<div class=\"wp-block-contact-form-7-contact-form-selector\">\n<div class=\"wpcf7 no-js\" id=\"wpcf7-f108302-o1\" lang=\"et\" dir=\"ltr\" data-wpcf7-id=\"108302\">\n<div class=\"screen-reader-response\"><p role=\"status\" aria-live=\"polite\" aria-atomic=\"true\"><\/p> <ul><\/ul><\/div>\n<form action=\"\/en\/wp-json\/wp\/v2\/pages\/768#wpcf7-f108302-o1\" method=\"post\" class=\"wpcf7-form init\" aria-label=\"Contact form\" novalidate=\"novalidate\" data-status=\"init\">\n<fieldset class=\"hidden-fields-container\"><input type=\"hidden\" name=\"_wpcf7\" value=\"108302\" \/><input type=\"hidden\" name=\"_wpcf7_version\" value=\"6.1.4\" \/><input type=\"hidden\" name=\"_wpcf7_locale\" value=\"et\" \/><input type=\"hidden\" name=\"_wpcf7_unit_tag\" value=\"wpcf7-f108302-o1\" \/><input type=\"hidden\" name=\"_wpcf7_container_post\" value=\"0\" \/><input type=\"hidden\" name=\"_wpcf7_posted_data_hash\" value=\"\" \/><input type=\"hidden\" name=\"_wpcf7cf_hidden_group_fields\" value=\"[]\" \/><input type=\"hidden\" name=\"_wpcf7cf_hidden_groups\" value=\"[]\" \/><input type=\"hidden\" name=\"_wpcf7cf_visible_groups\" value=\"[]\" \/><input type=\"hidden\" name=\"_wpcf7cf_repeaters\" value=\"[]\" \/><input type=\"hidden\" name=\"_wpcf7cf_steps\" value=\"{}\" \/><input type=\"hidden\" name=\"_wpcf7cf_options\" value=\"{&quot;form_id&quot;:108302,&quot;conditions&quot;:[],&quot;settings&quot;:{&quot;animation&quot;:&quot;yes&quot;,&quot;animation_intime&quot;:200,&quot;animation_outtime&quot;:200,&quot;conditions_ui&quot;:&quot;normal&quot;,&quot;notice_dismissed&quot;:false}}\" \/><input type=\"hidden\" name=\"_wpcf7_recaptcha_response\" value=\"\" \/>\n<\/fieldset>\n<div class=\"row row-grid\">\n\t<div class=\"col-12 col-md-6\">\n\t\t<p><span class=\"wpcf7-form-control-wrap\" data-name=\"your-phone\"><input size=\"40\" maxlength=\"400\" class=\"wpcf7-form-control wpcf7-text\" aria-invalid=\"false\" placeholder=\"Telephone\" value=\"\" type=\"text\" name=\"your-phone\" \/><\/span>\n\t\t<\/p>\n\t<\/div>\n\t<div class=\"col-12 col-md-6\">\n\t\t<p><span class=\"wpcf7-form-control-wrap\" data-name=\"your-email\"><input size=\"40\" maxlength=\"400\" class=\"wpcf7-form-control wpcf7-email wpcf7-validates-as-required wpcf7-text wpcf7-validates-as-email\" aria-required=\"true\" aria-invalid=\"false\" placeholder=\"E-mail\" value=\"\" type=\"email\" name=\"your-email\" \/><\/span>\n\t\t<\/p>\n\t<\/div>\n\t<div class=\"col-12\">\n\t\t<p><span class=\"wpcf7-form-control-wrap\" data-name=\"your-message\"><textarea cols=\"40\" rows=\"10\" maxlength=\"2000\" class=\"wpcf7-form-control wpcf7-textarea\" aria-invalid=\"false\" placeholder=\"Message\" name=\"your-message\"><\/textarea><\/span>\n\t\t<\/p>\n\t<\/div>\n\t<div class=\"col-12 text-center text-md-right\">\n\t\t<p><input class=\"wpcf7-form-control wpcf7-submit has-spinner\" type=\"submit\" value=\"Send\" \/>\n\t\t<\/p>\n\t<\/div>\n<\/div><div class=\"wpcf7-response-output\" aria-hidden=\"true\"><\/div>\n<\/form>\n<\/div>\n<\/div>\n<\/div>\n\n\n\n<div class=\"wp-block-column is-layout-flow wp-block-column-is-layout-flow\" style=\"flex-basis:25%\">\n<p class=\"has-text-align-center has-medium-font-size wp-el\"><strong>M\u00d6\u00d6BLIAIT O\u00dc<\/strong><\/p>\n\n\n\n<p class=\"has-text-align-center wp-el\">Astelpaju tn 1, Tartumaa 60534<br>Reg. nr. 10697692<br>KMKR: EE100664029<\/p>\n\n\n<div class=\"wp-block-image\">\n<figure class=\"aligncenter size-large is-resized\"><a class=\"no-lightbox\" href=\"https:\/\/e-kaubanduseliit.ee\/usaldusmargisega-e-poed-eestis\/\" target=\"_blank\" rel=\"noopener\"><img loading=\"lazy\" decoding=\"async\" src=\"https:\/\/moobliait.ee\/wp-content\/uploads\/2021\/04\/TurvalineOstukoht.png\" alt=\"\" class=\"wp-image-308\" width=\"160\" height=\"164\"><\/a><\/figure>\n<\/div><\/div>\n<\/div>\n\n\n\t<div id=\"acf-block_0cff5097980070066b2f70dfa9a10ca7\" class=\"acf-block-element block-shops overflow-hidden\">\n\t\t\t\t\t\t\t\t\t<div class=\"row row-grid\">\n\t\t\t\t<div class=\"col-12 col-md-6 col-lg-3 editor-content\">\n\t\t\t\t\t<p class=\"font-weight-medium has-medium-font-size text-uppercase\">ONLINE STORE<\/p>\t\t\t\t\t<p>Astelpaju 1, Tartu<br \/>\nPhone +372 5333 5800<\/p>\n<p>CUSTOMER SERVICE \/ GENERAL INFORMATION:<br \/>\nMon &#8211; Fri | 08:00 &#8211; 16:00<br \/>\nSat &#8211; Sun | Closed<br \/>\n<a href=\"mailto:epood@moobliait.ee\">epood@moobliait.ee<\/a><\/p>\n<p><strong><span style=\"color: #ff0000;\">Customer service will be closed on May 1, 2026.<\/span><\/strong><\/p>\n\t\t\t\t<\/div>\n\n\t\t\t\t\n\t\t\t\t<div class=\"col-12 col-lg-6 offset-lg-3 col-shop-map\">\n\t\t\t\t\t\t\t\t\t\t\t<iframe src=\"https:\/\/www.google.com\/maps\/embed?pb=!1m18!1m12!1m3!1d1045.130122014418!2d26.708585358360295!3d58.405872700542346!2m3!1f0!2f0!3f0!3m2!1i1024!2i768!4f13.1!3m3!1m2!1s0x46eb3661d8812e49%3A0x583bad690d3c4524!2sAstelpaju%201%2C%20Vahi%2C%2060534%20Tartu%20maakond!5e0!3m2!1sen!2see!4v1648210261736!5m2!1sen!2see\" width=\"600\" height=\"450\" style=\"border:0;\" allowfullscreen=\"\" loading=\"lazy\" referrerpolicy=\"no-referrer-when-downgrade\"><\/iframe>\t\t\t\t\t\t\t\t\t\t\t\t\t\t\t\t<div class=\"text-center text-lg-right\"><a href=\"https:\/\/goo.gl\/maps\/FxdxQzPvyjTEGddF7\" class=\"btn btn-primary svg-left\" target=\"_blank\" rel=\"noopener\"><svg xmlns=\"http:\/\/www.w3.org\/2000\/svg\" width=\"20\" height=\"20\" viewBox=\"0 0 20 20\">\n\t\t\t\t\t\t\t<g transform=\"translate(0 -0.002)\">\n\t\t\t\t\t\t\t\t<g transform=\"translate(0 0.002)\">\n\t\t\t\t\t\t\t\t\t<path d=\"M19.681.327l0,0,0,0A1.078,1.078,0,0,0,18.508.079L.695,7.044a1.092,1.092,0,0,0,.252,2.1l8.706,1.174a.037.037,0,0,1,.032.032l1.174,8.706a1.079,1.079,0,0,0,.952.938,1.142,1.142,0,0,0,.136.008,1.077,1.077,0,0,0,1.011-.695L19.923,1.493A1.078,1.078,0,0,0,19.681.327ZM1.088,8.1c-.02,0-.028,0-.032-.032s0-.032.023-.039L17.745,1.51l-7.8,7.8C9.9,9.291,1.088,8.1,1.088,8.1ZM11.975,18.922c-.007.018-.01.027-.039.023s-.029-.012-.032-.032c0,0-1.193-8.812-1.208-8.862l7.8-7.8Z\" transform=\"translate(0 -0.002)\" fill=\"#fff\"><\/path>\n\t\t\t\t\t\t\t\t<\/g>\n\t\t\t\t\t\t\t<\/g>\n\t\t\t\t\t\t<\/svg>Navigate<\/a><\/div>\n\t\t\t\t\t\t\t\t\t<\/div>\n\t\t\t<\/div>\n\n\t\t\t\t\t\t\t<div class=\"row row-grid\">\n\t\t\t\t<div class=\"col-12 col-md-6 col-lg-3 editor-content\">\n\t\t\t\t\t<p class=\"font-weight-medium has-medium-font-size text-uppercase\">TALLINN SHOP<\/p>\t\t\t\t\t<p>Tuleviku tee 8, Peetri<br \/>\nTel. +372 522 8433<\/p>\n<p>OPENING HOURS:<br \/>\nMon &#8211; Fri 10:00-19:00<br \/>\nSat &#8211; Sun 10:00-17:00<br \/>\n<a href=\"mailto:tallinn@moobliait.ee\">tallinn@moobliait.ee<\/a><\/p>\n<p>ISSUE OF GOODS:<br \/>\nMon &#8211; Fri 10:00-19:00<br \/>\nSat 10:00\u201317:00<\/p>\n<p><strong><span style=\"color: #ff0000;\">OPENING HOURS AND ISSUE OF GOODS DURING HOLIDAYS:<\/span><\/strong><br data-start=\"65\" data-end=\"68\" \/><strong><span style=\"color: #ff0000;\">01.05 Closed<\/span><\/strong><\/p>\n\t\t\t\t<\/div>\n\n\t\t\t\t\t\t\t\t<div class=\"col-12 col-md-6 col-lg-3\">\n\t\t\t\t\t<img decoding=\"async\" src=\"https:\/\/moobliait.ee\/wp-content\/uploads\/2021\/04\/Moobliait-logo-droonifotodele-vasakult-2-scaled.jpg\" alt=\"\">\n\t\t\t\t<\/div>\n\t\t\t\t\n\t\t\t\t<div class=\"col-12 col-lg-6  col-shop-map\">\n\t\t\t\t\t\t\t\t\t\t\t<iframe src=\"https:\/\/www.google.com\/maps\/embed?pb=!1m18!1m12!1m3!1d1661.277539448195!2d24.813220408459046!3d59.39729557565265!2m3!1f0!2f0!3f0!3m2!1i1024!2i768!4f13.1!3m3!1m2!1s0x4692ebef22796307%3A0xdeea17d4d3b7798c!2zTcO2w7ZibGlhaXQ!5e0!3m2!1set!2see!4v1688367383955!5m2!1set!2see\" width=\"600\" height=\"450\" style=\"border:0;\" allowfullscreen=\"\" loading=\"lazy\" referrerpolicy=\"no-referrer-when-downgrade\"><\/iframe>\t\t\t\t\t\t\t\t\t\t\t\t\t\t\t\t<div class=\"text-center text-lg-right\"><a href=\"https:\/\/goo.gl\/maps\/EbQFyGLPh2Nv7H5t5\" class=\"btn btn-primary svg-left\" target=\"_blank\" rel=\"noopener\"><svg xmlns=\"http:\/\/www.w3.org\/2000\/svg\" width=\"20\" height=\"20\" viewBox=\"0 0 20 20\">\n\t\t\t\t\t\t\t<g transform=\"translate(0 -0.002)\">\n\t\t\t\t\t\t\t\t<g transform=\"translate(0 0.002)\">\n\t\t\t\t\t\t\t\t\t<path d=\"M19.681.327l0,0,0,0A1.078,1.078,0,0,0,18.508.079L.695,7.044a1.092,1.092,0,0,0,.252,2.1l8.706,1.174a.037.037,0,0,1,.032.032l1.174,8.706a1.079,1.079,0,0,0,.952.938,1.142,1.142,0,0,0,.136.008,1.077,1.077,0,0,0,1.011-.695L19.923,1.493A1.078,1.078,0,0,0,19.681.327ZM1.088,8.1c-.02,0-.028,0-.032-.032s0-.032.023-.039L17.745,1.51l-7.8,7.8C9.9,9.291,1.088,8.1,1.088,8.1ZM11.975,18.922c-.007.018-.01.027-.039.023s-.029-.012-.032-.032c0,0-1.193-8.812-1.208-8.862l7.8-7.8Z\" transform=\"translate(0 -0.002)\" fill=\"#fff\"><\/path>\n\t\t\t\t\t\t\t\t<\/g>\n\t\t\t\t\t\t\t<\/g>\n\t\t\t\t\t\t<\/svg>Navigate<\/a><\/div>\n\t\t\t\t\t\t\t\t\t<\/div>\n\t\t\t<\/div>\n\n\t\t\t\t\t\t\t<div class=\"row row-grid\">\n\t\t\t\t<div class=\"col-12 col-md-6 col-lg-3 editor-content\">\n\t\t\t\t\t<p class=\"font-weight-medium has-medium-font-size text-uppercase\">TARTU SHOP<\/p>\t\t\t\t\t<p>Astelpaju 1, Tartu<br \/>\nPhone +372 517 4055<\/p>\n<p>OPENING HOURS:<br \/>\nMon &#8211; Fri 10:00-18:00<br \/>\nSat &#8211; Sun 10:00-16:00<br \/>\n<a href=\"mailto:tartu@moobliait.ee\">tartu@moobliait.ee<\/a><\/p>\n<p>ISSUE OF GOODS:<br \/>\nMon &#8211; Fri 10:00-16:30<br \/>\nSat 10:00 &#8211; 16:00<\/p>\n<p><span style=\"color: #ff0000;\"><strong data-start=\"0\" data-end=\"52\" data-is-only-node=\"\">OPENING HOURS AND ISSUE OF GOODS DURING HOLIDAYS:<\/strong><\/span><br data-start=\"65\" data-end=\"68\" \/><strong><span style=\"color: #ff0000;\">01.05 Closed<\/span><\/strong><\/p>\n\t\t\t\t<\/div>\n\n\t\t\t\t\t\t\t\t<div class=\"col-12 col-md-6 col-lg-3\">\n\t\t\t\t\t<img decoding=\"async\" src=\"https:\/\/moobliait.ee\/wp-content\/uploads\/2021\/04\/DJI_0869-copy-scaled.jpg\" alt=\"\">\n\t\t\t\t<\/div>\n\t\t\t\t\n\t\t\t\t<div class=\"col-12 col-lg-6  col-shop-map\">\n\t\t\t\t\t\t\t\t\t\t\t<iframe src=\"https:\/\/www.google.com\/maps\/embed?pb=!1m18!1m12!1m3!1d1045.130122014418!2d26.708585358360295!3d58.405872700542346!2m3!1f0!2f0!3f0!3m2!1i1024!2i768!4f13.1!3m3!1m2!1s0x46eb3661d8812e49%3A0x583bad690d3c4524!2sAstelpaju%201%2C%20Vahi%2C%2060534%20Tartu%20maakond!5e0!3m2!1sen!2see!4v1648210261736!5m2!1sen!2see\" width=\"600\" height=\"450\" style=\"border:0;\" allowfullscreen=\"\" loading=\"lazy\" referrerpolicy=\"no-referrer-when-downgrade\"><\/iframe>\t\t\t\t\t\t\t\t\t\t\t\t\t\t\t\t<div class=\"text-center text-lg-right\"><a href=\"https:\/\/goo.gl\/maps\/FxdxQzPvyjTEGddF7\" class=\"btn btn-primary svg-left\" target=\"_blank\" rel=\"noopener\"><svg xmlns=\"http:\/\/www.w3.org\/2000\/svg\" width=\"20\" height=\"20\" viewBox=\"0 0 20 20\">\n\t\t\t\t\t\t\t<g transform=\"translate(0 -0.002)\">\n\t\t\t\t\t\t\t\t<g transform=\"translate(0 0.002)\">\n\t\t\t\t\t\t\t\t\t<path d=\"M19.681.327l0,0,0,0A1.078,1.078,0,0,0,18.508.079L.695,7.044a1.092,1.092,0,0,0,.252,2.1l8.706,1.174a.037.037,0,0,1,.032.032l1.174,8.706a1.079,1.079,0,0,0,.952.938,1.142,1.142,0,0,0,.136.008,1.077,1.077,0,0,0,1.011-.695L19.923,1.493A1.078,1.078,0,0,0,19.681.327ZM1.088,8.1c-.02,0-.028,0-.032-.032s0-.032.023-.039L17.745,1.51l-7.8,7.8C9.9,9.291,1.088,8.1,1.088,8.1ZM11.975,18.922c-.007.018-.01.027-.039.023s-.029-.012-.032-.032c0,0-1.193-8.812-1.208-8.862l7.8-7.8Z\" transform=\"translate(0 -0.002)\" fill=\"#fff\"><\/path>\n\t\t\t\t\t\t\t\t<\/g>\n\t\t\t\t\t\t\t<\/g>\n\t\t\t\t\t\t<\/svg>Navigate<\/a><\/div>\n\t\t\t\t\t\t\t\t\t<\/div>\n\t\t\t<\/div>\n\n\t\t\t<\/div>\n","protected":false},"excerpt":{"rendered":"<p>CUSTOMER SERVICE: CONTACT US M\u00d6\u00d6BLIAIT O\u00dc Astelpaju tn 1, Tartumaa 60534Reg. nr. 10697692KMKR: EE100664029<\/p>\n","protected":false},"author":4,"featured_media":0,"parent":0,"menu_order":70,"comment_status":"closed","ping_status":"closed","template":"","meta":{"_acf_changed":false,"inline_featured_image":false,"footnotes":""},"class_list":["post-768","page","type-page","status-publish","hentry"],"acf":[],"_links":{"self":[{"href":"https:\/\/moobliait.ee\/en\/wp-json\/wp\/v2\/pages\/768","targetHints":{"allow":["GET"]}}],"collection":[{"href":"https:\/\/moobliait.ee\/en\/wp-json\/wp\/v2\/pages"}],"about":[{"href":"https:\/\/moobliait.ee\/en\/wp-json\/wp\/v2\/types\/page"}],"author":[{"embeddable":true,"href":"https:\/\/moobliait.ee\/en\/wp-json\/wp\/v2\/users\/4"}],"replies":[{"embeddable":true,"href":"https:\/\/moobliait.ee\/en\/wp-json\/wp\/v2\/comments?post=768"}],"version-history":[{"count":0,"href":"https:\/\/moobliait.ee\/en\/wp-json\/wp\/v2\/pages\/768\/revisions"}],"wp:attachment":[{"href":"https:\/\/moobliait.ee\/en\/wp-json\/wp\/v2\/media?parent=768"}],"curies":[{"name":"wp","href":"https:\/\/api.w.org\/{rel}","templated":true}]}}