{"id":337038,"date":"2021-05-10T18:38:54","date_gmt":"2021-05-10T15:38:54","guid":{"rendered":"https:\/\/moobliait.ee\/?page_id=337038"},"modified":"2026-03-19T13:58:22","modified_gmt":"2026-03-19T11:58:22","slug":"company-details","status":"publish","type":"page","link":"https:\/\/moobliait.ee\/en\/company-details\/","title":{"rendered":"Company details"},"content":{"rendered":"\n<p class=\"wp-el\">M\u00f6\u00f6bliait O\u00dc<br><strong>Reg. nr.<\/strong> 10697692<br><strong>KMKR:<\/strong> EE100664029<\/p>\n\n\n\n<p class=\"wp-el\"><\/p>\n\n\n\n<p class=\"wp-el\">Bank details<br><strong>SWEDBANK<\/strong><br><strong>IBAN:<\/strong> EE282200221025128076<br><strong>BIC:<\/strong> HABAEE2X<\/p>\n","protected":false},"excerpt":{"rendered":"<p>M\u00f6\u00f6bliait O\u00dcReg. nr. 10697692KMKR: EE100664029 Bank detailsSWEDBANKIBAN: EE282200221025128076BIC: HABAEE2X<\/p>\n","protected":false},"author":2,"featured_media":0,"parent":0,"menu_order":0,"comment_status":"closed","ping_status":"closed","template":"","meta":{"_acf_changed":false,"inline_featured_image":false,"footnotes":""},"class_list":["post-337038","page","type-page","status-publish","hentry"],"acf":[],"_links":{"self":[{"href":"https:\/\/moobliait.ee\/en\/wp-json\/wp\/v2\/pages\/337038","targetHints":{"allow":["GET"]}}],"collection":[{"href":"https:\/\/moobliait.ee\/en\/wp-json\/wp\/v2\/pages"}],"about":[{"href":"https:\/\/moobliait.ee\/en\/wp-json\/wp\/v2\/types\/page"}],"author":[{"embeddable":true,"href":"https:\/\/moobliait.ee\/en\/wp-json\/wp\/v2\/users\/2"}],"replies":[{"embeddable":true,"href":"https:\/\/moobliait.ee\/en\/wp-json\/wp\/v2\/comments?post=337038"}],"version-history":[{"count":2,"href":"https:\/\/moobliait.ee\/en\/wp-json\/wp\/v2\/pages\/337038\/revisions"}],"predecessor-version":[{"id":346754,"href":"https:\/\/moobliait.ee\/en\/wp-json\/wp\/v2\/pages\/337038\/revisions\/346754"}],"wp:attachment":[{"href":"https:\/\/moobliait.ee\/en\/wp-json\/wp\/v2\/media?parent=337038"}],"curies":[{"name":"wp","href":"https:\/\/api.w.org\/{rel}","templated":true}]}}